{"id":627,"date":"2020-10-09T10:42:42","date_gmt":"2020-10-09T07:42:42","guid":{"rendered":"https:\/\/ismma.ro\/?page_id=627"},"modified":"2025-01-19T22:18:12","modified_gmt":"2025-01-19T19:18:12","slug":"seria-de-preprinturi-a-ismma","status":"publish","type":"page","link":"https:\/\/ismma.ro\/?page_id=627","title":{"rendered":"Seria de preprinturi a ISMMA"},"content":{"rendered":"<section class=\"l-section wpb_row height_medium\"><div class=\"l-section-h i-cf\"><div class=\"g-cols vc_row via_flex valign_top type_default stacking_default\"><div class=\"vc_col-sm-12 wpb_column vc_column_container\"><div class=\"vc_column-inner\"><div class=\"wpb_wrapper\"><div class=\"wpb_text_column\"><div class=\"wpb_wrapper\"><h4 style=\"text-align: center;\">Seria de preprinturi a ISMMA<\/h4>\n<\/div><\/div><\/div><\/div><\/div><\/div><\/div><\/section><section class=\"l-section wpb_row us_custom_72dca13b height_medium\"><div class=\"l-section-h i-cf\"><div class=\"g-cols vc_row via_flex valign_top type_default stacking_default\"><div class=\"vc_col-sm-12 wpb_column vc_column_container\"><div class=\"vc_column-inner\"><div class=\"wpb_wrapper\"><div class=\"w-tabs layout_hor style_default switch_click has_scrolling\" style=\"--sections-title-size:1em\"><div class=\"w-tabs-list items_6 align_none\"><div class=\"w-tabs-list-h\"><button class=\"w-tabs-item with_icon\" aria-controls=\"content-pfa4\" aria-expanded=\"false\"><i class=\"fas fa-book\"><\/i><span class=\"w-tabs-item-title\">Colectiv de redac\u0163ie<\/span><\/button><button class=\"w-tabs-item with_icon\" aria-controls=\"content-f185\" aria-expanded=\"false\"><i class=\"fas fa-info\"><\/i><span class=\"w-tabs-item-title\">Instruc\u0163iuni pentru autori<\/span><\/button><button class=\"w-tabs-item active defined-active with_icon\" aria-controls=\"content-b31f\" aria-expanded=\"true\"><i class=\"fas fa-book-open\"><\/i><span class=\"w-tabs-item-title\">2025<\/span><\/button><button class=\"w-tabs-item with_icon\" aria-controls=\"content-x4e8\" aria-expanded=\"false\"><i class=\"fas fa-book\"><\/i><span class=\"w-tabs-item-title\">2023<\/span><\/button><button class=\"w-tabs-item with_icon\" aria-controls=\"content-d66e\" aria-expanded=\"false\"><i class=\"fas fa-book\"><\/i><span class=\"w-tabs-item-title\">2022<\/span><\/button><button class=\"w-tabs-item with_icon\" aria-controls=\"content-q7f3\" aria-expanded=\"false\"><i class=\"fas fa-book\"><\/i><span class=\"w-tabs-item-title\">2021<\/span><\/button><\/div><\/div><div class=\"w-tabs-sections titles-align_none icon_chevron cpos_right\"><div class=\"w-tabs-section\" id=\"pfa4\"><button class=\"w-tabs-section-header with_icon\" aria-controls=\"content-pfa4\" aria-expanded=\"false\"><i class=\"fas fa-book\"><\/i><div class=\"w-tabs-section-title\">Colectiv de redac\u0163ie<\/div><div class=\"w-tabs-section-control\"><\/div><\/button><div  class=\"w-tabs-section-content\" id=\"content-pfa4\"><div class=\"w-tabs-section-content-h i-cf\"><div class=\"wpb_text_column\"><div class=\"wpb_wrapper\"><h4 style=\"text-align: center;\"><strong>Colectiv de redac\u0163ie<\/strong><\/h4>\n<ul>\n<li>Stelian Ion<\/li>\n<li>Liviu Marin<\/li>\n<li>Gabriela Marinoschi<\/li>\n<li>Vasile Preda<\/li>\n<li>Oana Stamate<\/li>\n<li>Marius R\u0103dulescu<\/li>\n<li>Gheorghi\u0163\u0103 Zb\u0103ganu<\/li>\n<\/ul>\n<\/div><\/div><\/div><\/div><\/div><div class=\"w-tabs-section\" id=\"f185\"><button class=\"w-tabs-section-header with_icon\" aria-controls=\"content-f185\" aria-expanded=\"false\"><i class=\"fas fa-info\"><\/i><div class=\"w-tabs-section-title\">Instruc\u0163iuni pentru autori<\/div><div class=\"w-tabs-section-control\"><\/div><\/button><div  class=\"w-tabs-section-content\" id=\"content-f185\"><div class=\"w-tabs-section-content-h i-cf\"><div class=\"wpb_text_column\"><div class=\"wpb_wrapper\"><h4 style=\"text-align: center;\">Instruc\u0163iuni pentru autori<\/h4>\n<ol>\n<li style=\"text-align: justify;\">Lucrarea va fi editat\u0103 \u00een limba rom\u00e2n\u0103 sau englez\u0103, \u00een format .pdf;<\/li>\n<li style=\"text-align: justify;\">Pe prima pagin\u0103 vor ap\u0103rea: titlul, autorii \u015fi afilierea lor;<\/li>\n<li style=\"text-align: justify;\">Autorul corespondent va transmite lucrarea \u00eenso\u0163it\u0103 de o scrisoare privind solicitarea de publicare, prin e-mail, la secretariatul institutului (<em>denisa.nitescu@ismma.ro<\/em>, <em>tartaudenisa@gmail.com<\/em>);<\/li>\n<li style=\"text-align: justify;\">In scrisoare se va preciza \u00een mod clar c\u0103 exist\u0103 acceptul tuturor autorilor pentru publicarea lucr\u0103rii \u00een seria de preprinturi a ISMMA; autorul corespondent \u00ee\u015fi asum\u0103 aceast\u0103 responsabilitate;<\/li>\n<li style=\"text-align: justify;\">Secretara va \u00eenregistra lucr\u0103rile care respect\u0103 cele de mai sus \u015fi va confirma autorului primirea lucr\u0103rii. Lucr\u0103rile care nu con\u0163in toate informa\u0163iile precizate mai sus nu vor fi \u00eenregistrate iar autorul corespondent va fi notificat pentru a reface materialul.<\/li>\n<\/ol>\n<\/div><\/div><\/div><\/div><\/div><div class=\"w-tabs-section active\" id=\"b31f\"><button class=\"w-tabs-section-header active with_icon\" aria-controls=\"content-b31f\" aria-expanded=\"true\"><i class=\"fas fa-book-open\"><\/i><div class=\"w-tabs-section-title\">2025<\/div><div class=\"w-tabs-section-control\"><\/div><\/button><div  class=\"w-tabs-section-content\" id=\"content-b31f\"><div class=\"w-tabs-section-content-h i-cf\"><div class=\"wpb_text_column\"><div class=\"wpb_wrapper\"><ul>\n<li><strong>Nr. 1<\/strong> &#8211; <a href=\"https:\/\/ismma.ro\/wp-content\/uploads\/2025\/01\/V.-Ionescu_indent-CLT_preprint_2025.pdf\" target=\"_blank\" rel=\"noopener\"><strong>V. Ionescu<\/strong>: <em>A multivariate central limit theorem for indented quantum random variables<\/em><\/a><\/li>\n<\/ul>\n<\/div><\/div><\/div><\/div><\/div><div class=\"w-tabs-section\" id=\"x4e8\"><button class=\"w-tabs-section-header with_icon\" aria-controls=\"content-x4e8\" aria-expanded=\"false\"><i class=\"fas fa-book\"><\/i><div class=\"w-tabs-section-title\">2023<\/div><div class=\"w-tabs-section-control\"><\/div><\/button><div  class=\"w-tabs-section-content\" id=\"content-x4e8\"><div class=\"w-tabs-section-content-h i-cf\"><div class=\"wpb_text_column\"><div class=\"wpb_wrapper\"><ul>\n<li><strong>Nr. 1<\/strong> &#8211; <a href=\"https:\/\/ismma.ro\/wp-content\/uploads\/2023\/10\/Preprint1-2023-Ionescu.pdf\" target=\"_blank\" rel=\"noopener\"><strong>V. Ionescu<\/strong>: <em>A new proof of the central limit theorem for monotone quantum random variables<\/em><\/a><\/li>\n<li><strong>Nr. 2<\/strong> &#8211; <a href=\"https:\/\/ismma.ro\/wp-content\/uploads\/2023\/11\/Preprint2-2023-Ionescu.pdf\" target=\"_blank\" rel=\"noopener\"><strong>V. Ionescu<\/strong>: <em>A multivariate central limit theorem for c-monotone quantum random variables<\/em><\/a><\/li>\n<\/ul>\n<\/div><\/div><\/div><\/div><\/div><div class=\"w-tabs-section\" id=\"d66e\"><button class=\"w-tabs-section-header with_icon\" aria-controls=\"content-d66e\" aria-expanded=\"false\"><i class=\"fas fa-book\"><\/i><div class=\"w-tabs-section-title\">2022<\/div><div class=\"w-tabs-section-control\"><\/div><\/button><div  class=\"w-tabs-section-content\" id=\"content-d66e\"><div class=\"w-tabs-section-content-h i-cf\"><div class=\"wpb_text_column\"><div class=\"wpb_wrapper\"><ul>\n<li><strong>Nr. 1<\/strong> &#8211; <a href=\"https:\/\/ismma.ro\/wp-content\/uploads\/2022\/12\/Preprint1-2022-Zbaganu.pdf\" target=\"_blank\" rel=\"noopener\"><strong>G. Zb\u0103ganu<\/strong>: <em>On a conjecture concerning the optimality of the uniform distribution in the broken stick model<\/em><\/a><\/li>\n<\/ul>\n<\/div><\/div><\/div><\/div><\/div><div class=\"w-tabs-section\" id=\"q7f3\"><button class=\"w-tabs-section-header with_icon\" aria-controls=\"content-q7f3\" aria-expanded=\"false\"><i class=\"fas fa-book\"><\/i><div class=\"w-tabs-section-title\">2021<\/div><div class=\"w-tabs-section-control\"><\/div><\/button><div  class=\"w-tabs-section-content\" id=\"content-q7f3\"><div class=\"w-tabs-section-content-h i-cf\"><div class=\"wpb_text_column\"><div class=\"wpb_wrapper\"><ul>\n<li><strong>Nr. 1<\/strong> &#8211; <a href=\"https:\/\/ismma.ro\/wp-content\/uploads\/2021\/07\/No-1-2021-Zbaganu.pdf\" target=\"_blank\" rel=\"noopener\"><strong>G. Zb\u0103ganu<\/strong>: <em>On the semigroup property of the perpendicular bisector in a normed space<\/em><\/a><\/li>\n<\/ul>\n<\/div><\/div><\/div><\/div><\/div><\/div><\/div><\/div><\/div><\/div><\/div><\/div><\/section>\n","protected":false},"excerpt":{"rendered":"Seria de preprinturi a ISMMA Colectiv de redac\u0163ieInstruc\u0163iuni pentru autori2025202320222021Colectiv de redac\u0163ieColectiv de redac\u0163ie Stelian Ion Liviu Marin Gabriela Marinoschi Vasile Preda Oana Stamate Marius R\u0103dulescu Gheorghi\u0163\u0103 Zb\u0103ganu Instruc\u0163iuni pentru autoriInstruc\u0163iuni pentru autori Lucrarea va fi editat\u0103 \u00een limba rom\u00e2n\u0103 sau englez\u0103, \u00een format .pdf; Pe prima pagin\u0103 vor ap\u0103rea: titlul, autorii \u015fi afilierea lor;...","protected":false},"author":1,"featured_media":0,"parent":0,"menu_order":0,"comment_status":"closed","ping_status":"closed","template":"","meta":{"footnotes":""},"class_list":["post-627","page","type-page","status-publish","hentry"],"_links":{"self":[{"href":"https:\/\/ismma.ro\/index.php?rest_route=\/wp\/v2\/pages\/627","targetHints":{"allow":["GET"]}}],"collection":[{"href":"https:\/\/ismma.ro\/index.php?rest_route=\/wp\/v2\/pages"}],"about":[{"href":"https:\/\/ismma.ro\/index.php?rest_route=\/wp\/v2\/types\/page"}],"author":[{"embeddable":true,"href":"https:\/\/ismma.ro\/index.php?rest_route=\/wp\/v2\/users\/1"}],"replies":[{"embeddable":true,"href":"https:\/\/ismma.ro\/index.php?rest_route=%2Fwp%2Fv2%2Fcomments&post=627"}],"version-history":[{"count":14,"href":"https:\/\/ismma.ro\/index.php?rest_route=\/wp\/v2\/pages\/627\/revisions"}],"predecessor-version":[{"id":2022,"href":"https:\/\/ismma.ro\/index.php?rest_route=\/wp\/v2\/pages\/627\/revisions\/2022"}],"wp:attachment":[{"href":"https:\/\/ismma.ro\/index.php?rest_route=%2Fwp%2Fv2%2Fmedia&parent=627"}],"curies":[{"name":"wp","href":"https:\/\/api.w.org\/{rel}","templated":true}]}}