{"id":621,"date":"2020-10-09T10:19:14","date_gmt":"2020-10-09T07:19:14","guid":{"rendered":"https:\/\/ismma.ro\/?page_id=621"},"modified":"2025-01-19T22:14:33","modified_gmt":"2025-01-19T19:14:33","slug":"ismma-preprint-series","status":"publish","type":"page","link":"https:\/\/ismma.ro\/?page_id=621","title":{"rendered":"ISMMA Preprint Series"},"content":{"rendered":"<section class=\"l-section wpb_row height_medium\"><div class=\"l-section-h i-cf\"><div class=\"g-cols vc_row via_flex valign_top type_default stacking_default\"><div class=\"vc_col-sm-12 wpb_column vc_column_container\"><div class=\"vc_column-inner\"><div class=\"wpb_wrapper\"><div class=\"wpb_text_column\"><div class=\"wpb_wrapper\"><h4 style=\"text-align: center;\">ISMMA Preprint Series<\/h4>\n<\/div><\/div><\/div><\/div><\/div><\/div><\/div><\/section><section class=\"l-section wpb_row us_custom_72dca13b height_medium\"><div class=\"l-section-h i-cf\"><div class=\"g-cols vc_row via_flex valign_top type_default stacking_default\"><div class=\"vc_col-sm-12 wpb_column vc_column_container\"><div class=\"vc_column-inner\"><div class=\"wpb_wrapper\"><div class=\"w-tabs layout_hor style_default switch_click has_scrolling\" style=\"--sections-title-size:1em\"><div class=\"w-tabs-list items_6 align_none\"><div class=\"w-tabs-list-h\"><button class=\"w-tabs-item with_icon\" aria-controls=\"content-fe67\" aria-expanded=\"false\"><i class=\"fas fa-book\"><\/i><span class=\"w-tabs-item-title\">Editorial Board<\/span><\/button><button class=\"w-tabs-item with_icon\" aria-controls=\"content-a051\" aria-expanded=\"false\"><i class=\"fas fa-info\"><\/i><span class=\"w-tabs-item-title\">Instructions for authors<\/span><\/button><button class=\"w-tabs-item active defined-active with_icon\" aria-controls=\"content-c1d9\" aria-expanded=\"true\"><i class=\"fas fa-book-open\"><\/i><span class=\"w-tabs-item-title\">2025<\/span><\/button><button class=\"w-tabs-item with_icon\" aria-controls=\"content-k3a0\" aria-expanded=\"false\"><i class=\"fas fa-book\"><\/i><span class=\"w-tabs-item-title\">2023<\/span><\/button><button class=\"w-tabs-item with_icon\" aria-controls=\"content-e527\" aria-expanded=\"false\"><i class=\"fas fa-book\"><\/i><span class=\"w-tabs-item-title\">2022<\/span><\/button><button class=\"w-tabs-item with_icon\" aria-controls=\"content-w6ab\" aria-expanded=\"false\"><i class=\"fas fa-book\"><\/i><span class=\"w-tabs-item-title\">2021<\/span><\/button><\/div><\/div><div class=\"w-tabs-sections titles-align_none icon_chevron cpos_right\"><div class=\"w-tabs-section\" id=\"fe67\"><button class=\"w-tabs-section-header with_icon\" aria-controls=\"content-fe67\" aria-expanded=\"false\"><i class=\"fas fa-book\"><\/i><div class=\"w-tabs-section-title\">Editorial Board<\/div><div class=\"w-tabs-section-control\"><\/div><\/button><div  class=\"w-tabs-section-content\" id=\"content-fe67\"><div class=\"w-tabs-section-content-h i-cf\"><div class=\"wpb_text_column\"><div class=\"wpb_wrapper\"><h4 style=\"text-align: center;\"><strong>Editorial board ISMMA preprint series<\/strong><\/h4>\n<ul>\n<li>Stelian Ion<\/li>\n<li>Liviu Marin<\/li>\n<li>Gabriela Marinoschi<\/li>\n<li>Vasile Preda<\/li>\n<li>Oana Stamate<\/li>\n<li>Marius R\u0103dulescu<\/li>\n<li>Gheorghi\u0163\u0103 Zb\u0103ganu<\/li>\n<\/ul>\n<\/div><\/div><\/div><\/div><\/div><div class=\"w-tabs-section\" id=\"a051\"><button class=\"w-tabs-section-header with_icon\" aria-controls=\"content-a051\" aria-expanded=\"false\"><i class=\"fas fa-info\"><\/i><div class=\"w-tabs-section-title\">Instructions for authors<\/div><div class=\"w-tabs-section-control\"><\/div><\/button><div  class=\"w-tabs-section-content\" id=\"content-a051\"><div class=\"w-tabs-section-content-h i-cf\"><div class=\"wpb_text_column\"><div class=\"wpb_wrapper\"><h4 style=\"text-align: center;\">Instructions for authors<\/h4>\n<ol>\n<li style=\"text-align: justify;\">The paper will be written in Romanian or English, in .<em>pdf<\/em> format;<\/li>\n<li style=\"text-align: justify;\">On the first page will appear: the title, the authors and their affiliation;<\/li>\n<li style=\"text-align: justify;\">The corresponding author will send the paper accompanied by a letter regarding the request for publication, by e-mail, to the secretariat of the institute (<em>denisa.nitescu@ismma.ro<\/em>, <em>tartaudenisa@gmail.com<\/em>);<\/li>\n<li style=\"text-align: justify;\">The letter will clearly state that all authors have accepted the publication of the paper in the ISMMA preprint series; the corresponding author assumes this responsibility;<\/li>\n<li style=\"text-align: justify;\">The secretary will record the works that respect the above and will confirm to the author the receipt of the work. Papers that do not contain all the information specified above will not be registered and the corresponding author will be notified to redo the material.<\/li>\n<\/ol>\n<\/div><\/div><\/div><\/div><\/div><div class=\"w-tabs-section active\" id=\"c1d9\"><button class=\"w-tabs-section-header active with_icon\" aria-controls=\"content-c1d9\" aria-expanded=\"true\"><i class=\"fas fa-book-open\"><\/i><div class=\"w-tabs-section-title\">2025<\/div><div class=\"w-tabs-section-control\"><\/div><\/button><div  class=\"w-tabs-section-content\" id=\"content-c1d9\"><div class=\"w-tabs-section-content-h i-cf\"><div class=\"wpb_text_column\"><div class=\"wpb_wrapper\"><ul>\n<li><strong>Nr. 1<\/strong> &#8211; <a href=\"https:\/\/ismma.ro\/wp-content\/uploads\/2025\/01\/V.-Ionescu_indent-CLT_preprint_2025.pdf\" target=\"_blank\" rel=\"noopener\"><strong>V. Ionescu<\/strong>: <em>A multivariate central limit theorem for indented quantum random variables<\/em><\/a><\/li>\n<\/ul>\n<\/div><\/div><\/div><\/div><\/div><div class=\"w-tabs-section\" id=\"k3a0\"><button class=\"w-tabs-section-header with_icon\" aria-controls=\"content-k3a0\" aria-expanded=\"false\"><i class=\"fas fa-book\"><\/i><div class=\"w-tabs-section-title\">2023<\/div><div class=\"w-tabs-section-control\"><\/div><\/button><div  class=\"w-tabs-section-content\" id=\"content-k3a0\"><div class=\"w-tabs-section-content-h i-cf\"><div class=\"wpb_text_column\"><div class=\"wpb_wrapper\"><ul>\n<li><strong>Nr. 1<\/strong> &#8211; <a href=\"https:\/\/ismma.ro\/wp-content\/uploads\/2023\/10\/Preprint1-2023-Ionescu.pdf\" target=\"_blank\" rel=\"noopener\"><strong>V. Ionescu<\/strong>: <em>A new proof of the central limit theorem for monotone quantum random variables<\/em><\/a><\/li>\n<li><strong>Nr. 2<\/strong> &#8211; <a href=\"https:\/\/ismma.ro\/wp-content\/uploads\/2023\/11\/Preprint2-2023-Ionescu.pdf\" target=\"_blank\" rel=\"noopener\"><strong>V. Ionescu<\/strong>: <em>A multivariate central limit theorem for c-monotone quantum random variables<\/em><\/a><\/li>\n<\/ul>\n<\/div><\/div><\/div><\/div><\/div><div class=\"w-tabs-section\" id=\"e527\"><button class=\"w-tabs-section-header with_icon\" aria-controls=\"content-e527\" aria-expanded=\"false\"><i class=\"fas fa-book\"><\/i><div class=\"w-tabs-section-title\">2022<\/div><div class=\"w-tabs-section-control\"><\/div><\/button><div  class=\"w-tabs-section-content\" id=\"content-e527\"><div class=\"w-tabs-section-content-h i-cf\"><div class=\"wpb_text_column\"><div class=\"wpb_wrapper\"><ul>\n<li><strong>Nr. 1<\/strong> &#8211; <a href=\"https:\/\/ismma.ro\/wp-content\/uploads\/2022\/12\/Preprint1-2022-Zbaganu.pdf\" target=\"_blank\" rel=\"noopener\"><strong>G. Zb\u0103ganu<\/strong>: <em>On a conjecture concerning the optimality of the uniform distribution in the broken stick model<\/em><\/a><\/li>\n<\/ul>\n<\/div><\/div><\/div><\/div><\/div><div class=\"w-tabs-section\" id=\"w6ab\"><button class=\"w-tabs-section-header with_icon\" aria-controls=\"content-w6ab\" aria-expanded=\"false\"><i class=\"fas fa-book\"><\/i><div class=\"w-tabs-section-title\">2021<\/div><div class=\"w-tabs-section-control\"><\/div><\/button><div  class=\"w-tabs-section-content\" id=\"content-w6ab\"><div class=\"w-tabs-section-content-h i-cf\"><div class=\"wpb_text_column\"><div class=\"wpb_wrapper\"><ul>\n<li><strong>No. 1<\/strong> &#8211; <a href=\"https:\/\/ismma.ro\/wp-content\/uploads\/2021\/07\/No-1-2021-Zbaganu.pdf\" target=\"_blank\" rel=\"noopener\"><strong>G. Zb\u0103ganu<\/strong>: <em>On the semigroup property of the perpendicular bisector in a normed space<\/em><\/a><\/li>\n<\/ul>\n<\/div><\/div><\/div><\/div><\/div><\/div><\/div><\/div><\/div><\/div><\/div><\/div><\/section>\n","protected":false},"excerpt":{"rendered":"ISMMA Preprint Series Editorial BoardInstructions for authors2025202320222021Editorial BoardEditorial board ISMMA preprint series Stelian Ion Liviu Marin Gabriela Marinoschi Vasile Preda Oana Stamate Marius R\u0103dulescu Gheorghi\u0163\u0103 Zb\u0103ganu Instructions for authorsInstructions for authors The paper will be written in Romanian or English, in .pdf format; On the first page will appear: the title, the authors and their...","protected":false},"author":1,"featured_media":0,"parent":0,"menu_order":0,"comment_status":"closed","ping_status":"closed","template":"","meta":{"footnotes":""},"class_list":["post-621","page","type-page","status-publish","hentry"],"_links":{"self":[{"href":"https:\/\/ismma.ro\/index.php?rest_route=\/wp\/v2\/pages\/621","targetHints":{"allow":["GET"]}}],"collection":[{"href":"https:\/\/ismma.ro\/index.php?rest_route=\/wp\/v2\/pages"}],"about":[{"href":"https:\/\/ismma.ro\/index.php?rest_route=\/wp\/v2\/types\/page"}],"author":[{"embeddable":true,"href":"https:\/\/ismma.ro\/index.php?rest_route=\/wp\/v2\/users\/1"}],"replies":[{"embeddable":true,"href":"https:\/\/ismma.ro\/index.php?rest_route=%2Fwp%2Fv2%2Fcomments&post=621"}],"version-history":[{"count":18,"href":"https:\/\/ismma.ro\/index.php?rest_route=\/wp\/v2\/pages\/621\/revisions"}],"predecessor-version":[{"id":2021,"href":"https:\/\/ismma.ro\/index.php?rest_route=\/wp\/v2\/pages\/621\/revisions\/2021"}],"wp:attachment":[{"href":"https:\/\/ismma.ro\/index.php?rest_route=%2Fwp%2Fv2%2Fmedia&parent=621"}],"curies":[{"name":"wp","href":"https:\/\/api.w.org\/{rel}","templated":true}]}}