{"id":36,"date":"2020-04-23T16:36:22","date_gmt":"2020-04-23T14:36:22","guid":{"rendered":"https:\/\/ismma.ro\/sample-romana\/"},"modified":"2026-03-31T22:12:27","modified_gmt":"2026-03-31T19:12:27","slug":"ro-home","status":"publish","type":"page","link":"https:\/\/ismma.ro\/?page_id=36","title":{"rendered":"Home_page-Romana"},"content":{"rendered":"<section class=\"l-section wpb_row height_medium\"><div class=\"l-section-h i-cf\"><div class=\"g-cols vc_row via_flex valign_top type_default stacking_default\"><div class=\"vc_col-sm-12 wpb_column vc_column_container\"><div class=\"vc_column-inner\"><div class=\"wpb_wrapper\"><div class=\"wpb_text_column\"><div class=\"wpb_wrapper\"><p style=\"text-align: justify;\">\n<h5><strong>Misiune<\/strong>:<\/h5>\n<ul>\n<li>cercetare \u0219tiin\u021bifica fundamental\u0103 \u00een teoria probabilit\u0103\u0163ilor, statistic\u0103 matematic\u0103, cercet\u0103ri opera\u0163ionale, optimizare, ecua\u0163ii cu derivate par\u0163iale, teoria controlului optimal, sisteme dinamice, analiz\u0103 numeric\u0103, mecanica fluidelor;<\/li>\n<li>modelare matematic\u0103, analiza \u015fi controlul modelelor din : \u015ftiin\u0163ele vie\u0163ii \u015fi mediului, \u015ftiin\u0163e inginere\u015fti, economie;<\/li>\n<li>cercet\u0103ri interdisciplinare.<\/li>\n<\/ul>\n<h5><strong>Anun\u021buri seminarii, conferin\u021be<strong>:<\/strong><\/strong><strong><strong><\/strong><\/strong><\/h5>\n<\/div><\/div><div class=\"w-iconbox us_custom_333635b8 iconpos_left style_default color_primary align_left no_text\"><a rel=\"nofollow\" href=\"https:\/\/ismma.ro\/?page_id=846\" class=\"w-iconbox-link\" aria-label=\"Mar\u021bi, 21 Aprilie, 2026, ora 10:00: Existen\u021ba solu\u021biilor pentru interac\u021biuni fluid-structur\u0103 cu mai multe straturi \u2013 Dr. Claudiu M\u00eendril\u0103 (ISMMA)\"><div class=\"w-iconbox-icon\" style=\"font-size:2rem;\"><i class=\"fas fa-bookmark\"><\/i><\/div><\/a><div class=\"w-iconbox-meta\"><h6 class=\"w-iconbox-title\" style=\"font-size:16px;\"><a rel=\"nofollow\" href=\"https:\/\/ismma.ro\/?page_id=846\" class=\"w-iconbox-link\" aria-label=\"Mar\u021bi, 21 Aprilie, 2026, ora 10:00: Existen\u021ba solu\u021biilor pentru interac\u021biuni fluid-structur\u0103 cu mai multe straturi \u2013 Dr. Claudiu M\u00eendril\u0103 (ISMMA)\">Mar\u021bi, 21 Aprilie, 2026, ora 10:00: Existen\u021ba solu\u021biilor pentru interac\u021biuni fluid-structur\u0103 cu mai multe straturi \u2013 Dr. Claudiu M\u00eendril\u0103 (ISMMA)<\/a><\/h6><\/div><\/div><div class=\"g-cols wpb_row via_flex valign_top type_default stacking_default\"><div class=\"vc_col-sm-12 wpb_column vc_column_container\"><div class=\"vc_column-inner\"><div class=\"wpb_wrapper\"><div class=\"w-tabs style_default switch_click accordion has_scrolling\" style=\"--sections-title-size:inherit\"><div class=\"w-tabs-sections titles-align_none icon_chevron cpos_right\"><div class=\"w-tabs-section active\" id=\"i869\"><button class=\"w-tabs-section-header active with_icon\" aria-controls=\"content-i869\" aria-expanded=\"true\"><i class=\"far fa-calendar\"><\/i><div class=\"w-tabs-section-title\">Conferin\u0163a Cercet\u0103rii \u015etiin\u0163ifice \u00een domeniul Matematicii<\/div><div class=\"w-tabs-section-control\"><\/div><\/button><div  class=\"w-tabs-section-content\" id=\"content-i869\"><div class=\"w-tabs-section-content-h i-cf\"><div class=\"wpb_text_column\"><div class=\"wpb_wrapper\"><ul>\n<li><strong>Locul desf\u0103\u0219ur\u0103rii<\/strong>: Institutul de Matematic\u0103 ,,Simion Stoilow&#8221; &#8211; Amfiteatrul Miron Nicolescu, Calea Grivi\u0163ei 21, Bucure\u0219ti<\/li>\n<li><strong><a href=\"https:\/\/ismma.ro\/wp-content\/uploads\/2026\/03\/Poster-CCSAR-IMAR-30-31-03-2026-transparent.pdf\" target=\"_blank\" rel=\"noopener\">Poster<\/a><\/strong><\/li>\n<li><strong><a href=\"https:\/\/ismma.ro\/wp-content\/uploads\/2026\/03\/Program-CCSAR-30-31-03-2026.pdf\" target=\"_blank\" rel=\"noopener\">Program<\/a><\/strong><\/li>\n<\/ul>\n<\/div><\/div><\/div><\/div><\/div><div class=\"w-tabs-section\" id=\"h9df\"><button class=\"w-tabs-section-header\" aria-controls=\"content-h9df\" aria-expanded=\"false\"><div class=\"w-tabs-section-title\">Conferin\u0163a Cercet\u0103rii \u015etiin\u0163ifice \u00een domeniul Matematicii I (30 martie, 14:00 &#8211; 17:00)<\/div><div class=\"w-tabs-section-control\"><\/div><\/button><div  class=\"w-tabs-section-content\" id=\"content-h9df\"><div class=\"w-tabs-section-content-h i-cf\"><div class=\"wpb_text_column\"><div class=\"wpb_wrapper\"><p>Detalii conferin\u021b\u0103:<br \/><a href=\"https:\/\/us02web.zoom.us\/j\/85119554681?pwd=Ap6YPs7f2vqspadmAUkeJRqMNW14Lf.1\" target=\"_blank\" rel=\"noopener\">https:\/\/us02web.zoom.us\/j\/85119554681?pwd=Ap6YPs7f2vqspadmAUkeJRqMNW14Lf.1<\/a><br \/>Meeting ID 85119554681<br \/>Passcode: 863971<\/p>\n<\/div><\/div><\/div><\/div><\/div><div class=\"w-tabs-section\" id=\"tb4a\"><button class=\"w-tabs-section-header\" aria-controls=\"content-tb4a\" aria-expanded=\"false\"><div class=\"w-tabs-section-title\">Conferin\u0163a Cercet\u0103rii \u015etiin\u0163ifice \u00een domeniul Matematicii II (31 martie, 9:00 &#8211; 12:00)<\/div><div class=\"w-tabs-section-control\"><\/div><\/button><div  class=\"w-tabs-section-content\" id=\"content-tb4a\"><div class=\"w-tabs-section-content-h i-cf\"><div class=\"wpb_text_column\"><div class=\"wpb_wrapper\"><p>Detalii conferin\u021b\u0103:<br \/><a href=\"https:\/\/us02web.zoom.us\/j\/86469259629?pwd=o0JnpefUocznJAOAuaQVqh5tIaEFsC.1\" target=\"_blank\" rel=\"noopener\">https:\/\/us02web.zoom.us\/j\/86469259629?pwd=o0JnpefUocznJAOAuaQVqh5tIaEFsC.1<\/a><br \/>Meeting ID: 864 6925 9629<br \/>Passcode: 842600<\/p>\n<\/div><\/div><\/div><\/div><\/div><\/div><\/div><\/div><\/div><\/div><\/div><div class=\"w-iconbox us_custom_333635b8 iconpos_left style_default color_primary align_left no_text\"><a target=\"_blank\" rel=\"nofollow\" href=\"https:\/\/caim.romai.ro\/Caim26\/caim_26.htm\" class=\"w-iconbox-link\" aria-label=\"CAIM 2026 \u2013 Conference on Applied and Industrial Mathematics\"><div class=\"w-iconbox-icon\" style=\"font-size:2rem;\"><i class=\"far fa-calendar\"><\/i><\/div><\/a><div class=\"w-iconbox-meta\"><h6 class=\"w-iconbox-title\" style=\"font-size:16px;\"><a target=\"_blank\" rel=\"nofollow\" href=\"https:\/\/caim.romai.ro\/Caim26\/caim_26.htm\" class=\"w-iconbox-link\" aria-label=\"CAIM 2026 \u2013 Conference on Applied and Industrial Mathematics\">CAIM 2026 \u2013 Conference on Applied and Industrial Mathematics<\/a><\/h6><\/div><\/div><div class=\"w-iconbox us_custom_333635b8 iconpos_left style_default color_primary align_left no_text icontype_img\"><a target=\"_blank\" rel=\"nofollow\" href=\"https:\/\/17colfrro.sciencesconf.org\/?lang=fr\" class=\"w-iconbox-link\" aria-label=\"Le XVII\u00e8me Colloque Franco-Roumain de Math\u00e9matiques Appliqu\u00e9es\"><div class=\"w-iconbox-icon\" style=\"font-size:2rem;\"><img loading=\"lazy\" decoding=\"async\" width=\"620\" height=\"537\" src=\"https:\/\/ismma.ro\/wp-content\/uploads\/2026\/01\/Colloque-Franco-Roumain-1.png\" class=\"attachment-full size-full\" alt=\"\" srcset=\"https:\/\/ismma.ro\/wp-content\/uploads\/2026\/01\/Colloque-Franco-Roumain-1.png 620w, https:\/\/ismma.ro\/wp-content\/uploads\/2026\/01\/Colloque-Franco-Roumain-1-300x260.png 300w\" sizes=\"auto, (max-width: 620px) 100vw, 620px\" \/><\/div><\/a><div class=\"w-iconbox-meta\"><h6 class=\"w-iconbox-title\" style=\"font-size:16px;\"><a target=\"_blank\" rel=\"nofollow\" href=\"https:\/\/17colfrro.sciencesconf.org\/?lang=fr\" class=\"w-iconbox-link\" aria-label=\"Le XVII\u00e8me Colloque Franco-Roumain de Math\u00e9matiques Appliqu\u00e9es\">Le XVII\u00e8me Colloque Franco-Roumain de Math\u00e9matiques Appliqu\u00e9es<\/a><\/h6><\/div><\/div><div class=\"w-image us_custom_4e0cc4c3 align_center\"><a target=\"_blank\" href=\"https:\/\/ismma.ro\/wp-content\/uploads\/2025\/06\/Anexa-3.2a-ISMMA-Certificat.pdf\" aria-label=\"INSTITUTUL DE STATISTICA MATEMATICA SI MATEMATICA APLICATA AL ACADEMIEI ROMANE &#039;&#039;GHEORGHE MIHOC - CAIUS IACOB&#039;\u2019 C2025\" class=\"w-image-h\"><img decoding=\"async\" width=\"290\" height=\"410\" src=\"https:\/\/ismma.ro\/wp-content\/uploads\/2025\/06\/certificat_ISMMA.jpg\" class=\"attachment-large size-large\" alt=\"INSTITUTUL DE STATISTICA MATEMATICA SI MATEMATICA APLICATA AL ACADEMIEI ROMANE &#039;&#039;GHEORGHE MIHOC - CAIUS IACOB&#039;\u2019 C2025\" loading=\"lazy\" srcset=\"https:\/\/ismma.ro\/wp-content\/uploads\/2025\/06\/certificat_ISMMA.jpg 290w, https:\/\/ismma.ro\/wp-content\/uploads\/2025\/06\/certificat_ISMMA-212x300.jpg 212w\" sizes=\"auto, (max-width: 290px) 100vw, 290px\" \/><\/a><\/div><\/div><\/div><\/div><\/div><\/div><\/section><section class=\"l-section wpb_row height_medium\"><div class=\"l-section-h i-cf\"><div class=\"g-cols vc_row via_flex valign_top type_default stacking_default\"><div class=\"vc_col-sm-12 wpb_column vc_column_container\"><div class=\"vc_column-inner\"><div class=\"wpb_wrapper\"><\/div><\/div><\/div><\/div><\/div><\/section>","protected":false},"excerpt":{"rendered":"Misiune: cercetare \u0219tiin\u021bifica fundamental\u0103 \u00een teoria probabilit\u0103\u0163ilor, statistic\u0103 matematic\u0103, cercet\u0103ri opera\u0163ionale, optimizare, ecua\u0163ii cu derivate par\u0163iale, teoria controlului optimal, sisteme dinamice, analiz\u0103 numeric\u0103, mecanica fluidelor; modelare matematic\u0103, analiza \u015fi controlul modelelor din : \u015ftiin\u0163ele vie\u0163ii \u015fi mediului, \u015ftiin\u0163e inginere\u015fti, economie; cercet\u0103ri interdisciplinare. Anun\u021buri seminarii, conferin\u021be: Mar\u021bi, 21 Aprilie, 2026, ora 10:00: Existen\u021ba solu\u021biilor pentru interac\u021biuni...","protected":false},"author":1,"featured_media":0,"parent":0,"menu_order":0,"comment_status":"closed","ping_status":"closed","template":"","meta":{"footnotes":""},"class_list":["post-36","page","type-page","status-publish","hentry"],"_links":{"self":[{"href":"https:\/\/ismma.ro\/index.php?rest_route=\/wp\/v2\/pages\/36","targetHints":{"allow":["GET"]}}],"collection":[{"href":"https:\/\/ismma.ro\/index.php?rest_route=\/wp\/v2\/pages"}],"about":[{"href":"https:\/\/ismma.ro\/index.php?rest_route=\/wp\/v2\/types\/page"}],"author":[{"embeddable":true,"href":"https:\/\/ismma.ro\/index.php?rest_route=\/wp\/v2\/users\/1"}],"replies":[{"embeddable":true,"href":"https:\/\/ismma.ro\/index.php?rest_route=%2Fwp%2Fv2%2Fcomments&post=36"}],"version-history":[{"count":154,"href":"https:\/\/ismma.ro\/index.php?rest_route=\/wp\/v2\/pages\/36\/revisions"}],"predecessor-version":[{"id":2367,"href":"https:\/\/ismma.ro\/index.php?rest_route=\/wp\/v2\/pages\/36\/revisions\/2367"}],"wp:attachment":[{"href":"https:\/\/ismma.ro\/index.php?rest_route=%2Fwp%2Fv2%2Fmedia&parent=36"}],"curies":[{"name":"wp","href":"https:\/\/api.w.org\/{rel}","templated":true}]}}