{"id":2,"date":"2019-11-17T17:19:40","date_gmt":"2019-11-17T15:19:40","guid":{"rendered":"https:\/\/ismma.ro\/?page_id=2"},"modified":"2026-03-31T22:10:30","modified_gmt":"2026-03-31T19:10:30","slug":"en-home","status":"publish","type":"page","link":"https:\/\/ismma.ro\/","title":{"rendered":"Home_page"},"content":{"rendered":"<section class=\"l-section wpb_row height_medium\"><div class=\"l-section-h i-cf\"><div class=\"g-cols vc_row via_flex valign_top type_default stacking_default\"><div class=\"vc_col-sm-12 wpb_column vc_column_container\"><div class=\"vc_column-inner\"><div class=\"wpb_wrapper\"><div class=\"wpb_text_column\"><div class=\"wpb_wrapper\"><h5 style=\"text-align: justify;\"><strong>Mission<\/strong>:<\/h5>\n<ul>\n<li style=\"text-align: justify;\">fundamental scientific research in probability theory, mathematical statistics, operational research, optimization, partial differential equations, optimal control theory, dynamical systems, numerical analysis, fluid mechanics;<\/li>\n<li>mathematical modeling, analysis and control of models in life sciences and environment, engineering sciences, economics;<\/li>\n<li>interdisciplinary researches.<\/li>\n<\/ul>\n<h5><strong>Seminars &amp; Conferences Notices<\/strong>:<\/h5>\n<\/div><\/div><div class=\"w-iconbox us_custom_333635b8 iconpos_left style_default color_primary align_left no_text\"><a rel=\"nofollow\" href=\"https:\/\/ismma.ro\/?page_id=857\" class=\"w-iconbox-link\" aria-label=\"Tuesday, April 21, 2026, 10:00 AM: Existen\u021ba solu\u021biilor pentru interac\u021biuni fluid-structur\u0103 cu mai multe straturi \u2013 Dr. Claudiu M\u00eendril\u0103 (ISMMA)\"><div class=\"w-iconbox-icon\" style=\"font-size:2rem;\"><i class=\"fas fa-bookmark\"><\/i><\/div><\/a><div class=\"w-iconbox-meta\"><h6 class=\"w-iconbox-title\" style=\"font-size:16px;\"><a rel=\"nofollow\" href=\"https:\/\/ismma.ro\/?page_id=857\" class=\"w-iconbox-link\" aria-label=\"Tuesday, April 21, 2026, 10:00 AM: Existen\u021ba solu\u021biilor pentru interac\u021biuni fluid-structur\u0103 cu mai multe straturi \u2013 Dr. Claudiu M\u00eendril\u0103 (ISMMA)\">Tuesday, April 21, 2026, 10:00 AM: Existen\u021ba solu\u021biilor pentru interac\u021biuni fluid-structur\u0103 cu mai multe straturi \u2013 Dr. Claudiu M\u00eendril\u0103 (ISMMA)<\/a><\/h6><\/div><\/div><div class=\"g-cols wpb_row via_flex valign_top type_default stacking_default\"><div class=\"vc_col-sm-12 wpb_column vc_column_container\"><div class=\"vc_column-inner\"><div class=\"wpb_wrapper\"><div class=\"w-tabs style_default switch_click accordion has_scrolling\" style=\"--sections-title-size:inherit\"><div class=\"w-tabs-sections titles-align_none icon_chevron cpos_right\"><div class=\"w-tabs-section active\" id=\"s8d8\"><button class=\"w-tabs-section-header active with_icon\" aria-controls=\"content-s8d8\" aria-expanded=\"true\"><i class=\"far fa-calendar\"><\/i><div class=\"w-tabs-section-title\">Conferin\u0163a Cercet\u0103rii \u015etiin\u0163ifice \u00een domeniul Matematicii<\/div><div class=\"w-tabs-section-control\"><\/div><\/button><div  class=\"w-tabs-section-content\" id=\"content-s8d8\"><div class=\"w-tabs-section-content-h i-cf\"><div class=\"wpb_text_column\"><div class=\"wpb_wrapper\"><ul>\n<li><strong>Locul desf\u0103\u0219ur\u0103rii<\/strong>: Institutul de Matematic\u0103 ,,Simion Stoilow&#8221; &#8211; Amfiteatrul Miron Nicolescu, Calea Grivi\u0163ei 21, Bucure\u0219ti<\/li>\n<li><strong><a href=\"https:\/\/ismma.ro\/wp-content\/uploads\/2026\/03\/Poster-CCSAR-IMAR-30-31-03-2026-transparent.pdf\" target=\"_blank\" rel=\"noopener\">Poster<\/a><\/strong><\/li>\n<li><strong><a href=\"https:\/\/ismma.ro\/wp-content\/uploads\/2026\/03\/Program-CCSAR-30-31-03-2026.pdf\" target=\"_blank\" rel=\"noopener\">Program<\/a><\/strong><\/li>\n<\/ul>\n<\/div><\/div><\/div><\/div><\/div><div class=\"w-tabs-section\" id=\"ya4d\"><button class=\"w-tabs-section-header\" aria-controls=\"content-ya4d\" aria-expanded=\"false\"><div class=\"w-tabs-section-title\">Conferin\u0163a Cercet\u0103rii \u015etiin\u0163ifice \u00een domeniul Matematicii I (30 martie, 14:00 &#8211; 17:00)<\/div><div class=\"w-tabs-section-control\"><\/div><\/button><div  class=\"w-tabs-section-content\" id=\"content-ya4d\"><div class=\"w-tabs-section-content-h i-cf\"><div class=\"wpb_text_column\"><div class=\"wpb_wrapper\"><p>Detalii conferin\u021b\u0103:<br \/><a href=\"https:\/\/us02web.zoom.us\/j\/85119554681?pwd=Ap6YPs7f2vqspadmAUkeJRqMNW14Lf.1\" target=\"_blank\" rel=\"noopener\">https:\/\/us02web.zoom.us\/j\/85119554681?pwd=Ap6YPs7f2vqspadmAUkeJRqMNW14Lf.1<\/a><br \/>Meeting ID 85119554681<br \/>Passcode: 863971<\/p>\n<\/div><\/div><\/div><\/div><\/div><div class=\"w-tabs-section\" id=\"wbc9\"><button class=\"w-tabs-section-header\" aria-controls=\"content-wbc9\" aria-expanded=\"false\"><div class=\"w-tabs-section-title\">Conferin\u0163a Cercet\u0103rii \u015etiin\u0163ifice \u00een domeniul Matematicii II (31 martie, 9:00 &#8211; 12:00)<\/div><div class=\"w-tabs-section-control\"><\/div><\/button><div  class=\"w-tabs-section-content\" id=\"content-wbc9\"><div class=\"w-tabs-section-content-h i-cf\"><div class=\"wpb_text_column\"><div class=\"wpb_wrapper\"><p>Detalii conferin\u021b\u0103:<br \/><a href=\"https:\/\/us02web.zoom.us\/j\/86469259629?pwd=o0JnpefUocznJAOAuaQVqh5tIaEFsC.1\" target=\"_blank\" rel=\"noopener\">https:\/\/us02web.zoom.us\/j\/86469259629?pwd=o0JnpefUocznJAOAuaQVqh5tIaEFsC.1<\/a><br \/>Meeting ID: 864 6925 9629<br \/>Passcode: 842600<\/p>\n<\/div><\/div><\/div><\/div><\/div><\/div><\/div><\/div><\/div><\/div><\/div><div class=\"vc_col-sm-12 wpb_column vc_column_container\"><div class=\"vc_column-inner\"><div class=\"wpb_wrapper\"><\/div><\/div><\/div><div class=\"vc_col-sm-12 wpb_column vc_column_container\"><div class=\"vc_column-inner\"><div class=\"wpb_wrapper\"><\/div><\/div><\/div><div class=\"w-iconbox us_custom_333635b8 iconpos_left style_default color_primary align_left no_text\"><a target=\"_blank\" rel=\"nofollow\" href=\"https:\/\/caim.romai.ro\/Caim26\/caim_26.htm\" class=\"w-iconbox-link\" aria-label=\"CAIM 2026 \u2013 Conference on Applied and Industrial Mathematics\"><div class=\"w-iconbox-icon\" style=\"font-size:2rem;\"><i class=\"far fa-calendar\"><\/i><\/div><\/a><div class=\"w-iconbox-meta\"><h6 class=\"w-iconbox-title\" style=\"font-size:16px;\"><a target=\"_blank\" rel=\"nofollow\" href=\"https:\/\/caim.romai.ro\/Caim26\/caim_26.htm\" class=\"w-iconbox-link\" aria-label=\"CAIM 2026 \u2013 Conference on Applied and Industrial Mathematics\">CAIM 2026 \u2013 Conference on Applied and Industrial Mathematics<\/a><\/h6><\/div><\/div><div class=\"w-iconbox us_custom_333635b8 iconpos_left style_default color_primary align_left no_text icontype_img\"><a target=\"_blank\" rel=\"nofollow\" href=\"https:\/\/17colfrro.sciencesconf.org\/?lang=en\" class=\"w-iconbox-link\" aria-label=\"Le XVII\u00e8me Colloque Franco-Roumain de Math\u00e9matiques Appliqu\u00e9es\"><div class=\"w-iconbox-icon\" style=\"font-size:2rem;\"><img loading=\"lazy\" decoding=\"async\" width=\"620\" height=\"537\" src=\"https:\/\/ismma.ro\/wp-content\/uploads\/2026\/01\/Colloque-Franco-Roumain.png\" class=\"attachment-full size-full\" alt=\"\" srcset=\"https:\/\/ismma.ro\/wp-content\/uploads\/2026\/01\/Colloque-Franco-Roumain.png 620w, https:\/\/ismma.ro\/wp-content\/uploads\/2026\/01\/Colloque-Franco-Roumain-300x260.png 300w\" sizes=\"auto, (max-width: 620px) 100vw, 620px\" \/><\/div><\/a><div class=\"w-iconbox-meta\"><h6 class=\"w-iconbox-title\" style=\"font-size:16px;\"><a target=\"_blank\" rel=\"nofollow\" href=\"https:\/\/17colfrro.sciencesconf.org\/?lang=en\" class=\"w-iconbox-link\" aria-label=\"Le XVII\u00e8me Colloque Franco-Roumain de Math\u00e9matiques Appliqu\u00e9es\">Le XVII\u00e8me Colloque Franco-Roumain de Math\u00e9matiques Appliqu\u00e9es<\/a><\/h6><\/div><\/div><div class=\"w-image us_custom_4e0cc4c3 align_center\"><a target=\"_blank\" href=\"https:\/\/ismma.ro\/wp-content\/uploads\/2025\/06\/Anexa-3.2a-ISMMA-Certificat.pdf\" aria-label=\"INSTITUTUL DE STATISTICA MATEMATICA SI MATEMATICA APLICATA AL ACADEMIEI ROMANE &#039;&#039;GHEORGHE MIHOC - CAIUS IACOB&#039;\u2019 C2025\" class=\"w-image-h\"><img decoding=\"async\" width=\"290\" height=\"410\" src=\"https:\/\/ismma.ro\/wp-content\/uploads\/2025\/06\/certificat_ISMMA.jpg\" class=\"attachment-large size-large\" alt=\"INSTITUTUL DE STATISTICA MATEMATICA SI MATEMATICA APLICATA AL ACADEMIEI ROMANE &#039;&#039;GHEORGHE MIHOC - CAIUS IACOB&#039;\u2019 C2025\" loading=\"lazy\" srcset=\"https:\/\/ismma.ro\/wp-content\/uploads\/2025\/06\/certificat_ISMMA.jpg 290w, https:\/\/ismma.ro\/wp-content\/uploads\/2025\/06\/certificat_ISMMA-212x300.jpg 212w\" sizes=\"auto, (max-width: 290px) 100vw, 290px\" \/><\/a><\/div><\/div><\/div><\/div><\/div><\/div><\/section>","protected":false},"excerpt":{"rendered":"Mission: fundamental scientific research in probability theory, mathematical statistics, operational research, optimization, partial differential equations, optimal control theory, dynamical systems, numerical analysis, fluid mechanics; mathematical modeling, analysis and control of models in life sciences and environment, engineering sciences, economics; interdisciplinary researches. Seminars &amp; Conferences Notices: Tuesday, April 21, 2026, 10:00 AM: Existen\u021ba solu\u021biilor pentru interac\u021biuni...","protected":false},"author":1,"featured_media":0,"parent":0,"menu_order":0,"comment_status":"closed","ping_status":"closed","template":"","meta":{"footnotes":""},"class_list":["post-2","page","type-page","status-publish","hentry"],"_links":{"self":[{"href":"https:\/\/ismma.ro\/index.php?rest_route=\/wp\/v2\/pages\/2","targetHints":{"allow":["GET"]}}],"collection":[{"href":"https:\/\/ismma.ro\/index.php?rest_route=\/wp\/v2\/pages"}],"about":[{"href":"https:\/\/ismma.ro\/index.php?rest_route=\/wp\/v2\/types\/page"}],"author":[{"embeddable":true,"href":"https:\/\/ismma.ro\/index.php?rest_route=\/wp\/v2\/users\/1"}],"replies":[{"embeddable":true,"href":"https:\/\/ismma.ro\/index.php?rest_route=%2Fwp%2Fv2%2Fcomments&post=2"}],"version-history":[{"count":165,"href":"https:\/\/ismma.ro\/index.php?rest_route=\/wp\/v2\/pages\/2\/revisions"}],"predecessor-version":[{"id":2365,"href":"https:\/\/ismma.ro\/index.php?rest_route=\/wp\/v2\/pages\/2\/revisions\/2365"}],"wp:attachment":[{"href":"https:\/\/ismma.ro\/index.php?rest_route=%2Fwp%2Fv2%2Fmedia&parent=2"}],"curies":[{"name":"wp","href":"https:\/\/api.w.org\/{rel}","templated":true}]}}