{"id":196,"date":"2020-06-12T15:48:44","date_gmt":"2020-06-12T13:48:44","guid":{"rendered":"https:\/\/ismma.ro\/?page_id=196"},"modified":"2025-07-16T06:52:51","modified_gmt":"2025-07-16T03:52:51","slug":"documents","status":"publish","type":"page","link":"https:\/\/ismma.ro\/?page_id=196","title":{"rendered":"Documents"},"content":{"rendered":"<section class=\"l-section wpb_row height_medium\"><div class=\"l-section-h i-cf\"><div class=\"g-cols vc_row via_flex valign_top type_default stacking_default\"><div class=\"vc_col-sm-12 wpb_column vc_column_container\"><div class=\"vc_column-inner\"><div class=\"wpb_wrapper\"><div class=\"wpb_text_column\"><div class=\"wpb_wrapper\"><h3><span class=\"\"><strong>Regulations<\/strong><\/span><\/h3>\n<\/div><\/div><div class=\"w-text icon_atleft\"><a target=\"_blank\" rel=\"nofollow\" title=\"Regulament de organizare \u015fi func\u0163ionare\" href=\"https:\/\/ismma.ro\/wp-content\/uploads\/2025\/02\/ROF_ismma.pdf\" class=\"w-text-h\"><i class=\"fas fa-file-pdf\"><\/i><span class=\"w-text-value\">Regulament de organizare \u015fi func\u0163ionare<\/span><\/a><\/div><div class=\"w-text icon_atleft\"><a target=\"_blank\" rel=\"nofollow\" title=\"Organigram\u0103\" href=\"https:\/\/ismma.ro\/wp-content\/uploads\/2025\/02\/Organigrama-2025_ISMMA.pdf\" class=\"w-text-h\"><i class=\"fas fa-file-pdf\"><\/i><span class=\"w-text-value\">Organigram\u0103<\/span><\/a><\/div><div class=\"w-text icon_atleft\"><a target=\"_blank\" rel=\"nofollow\" title=\"Regulament intern\" href=\"https:\/\/ismma.ro\/wp-content\/uploads\/2025\/02\/Regulament-Intern.pdf\" class=\"w-text-h\"><i class=\"fas fa-file-pdf\"><\/i><span class=\"w-text-value\">Regulament intern<\/span><\/a><\/div><div class=\"w-text icon_atleft\"><a target=\"_blank\" rel=\"nofollow\" title=\"Regulament de organizare a concursurilor pentru ocuparea posturilor de cerecetare\" href=\"https:\/\/ismma.ro\/wp-content\/uploads\/2025\/02\/Regulament-obtinere-grade-profesionale.pdf\" class=\"w-text-h\"><i class=\"fas fa-file-pdf\"><\/i><span class=\"w-text-value\">Regulament pentru ob\u0163inerea gradelor profesionale \u00een activitatea de cercetare \u015ftiin\u0163ific\u0103<\/span><\/a><\/div><div class=\"w-text icon_atleft\"><a target=\"_blank\" rel=\"nofollow\" title=\"Regulament de organizare a concursurilor pentru ocuparea posturilor de cerecetare\" href=\"https:\/\/ismma.ro\/wp-content\/uploads\/2025\/07\/NORME-METODOLOGICE-CONCURS.pdf\" class=\"w-text-h\"><i class=\"fas fa-file-pdf\"><\/i><span class=\"w-text-value\">Normele metodologice privind organizarea concursurilor pentru ocuparea posturilor vacante ale personalului de cercetare, dezvoltare \u015fi inovare din institutele de cercetare\/centrele de cercetare\/filialele Academiei Rom\u00e2ne<\/span><\/a><\/div><div class=\"w-text icon_atleft\"><a target=\"_blank\" rel=\"nofollow\" title=\"Regulament de organizare a concursurilor pentru ocuparea posturilor de cerecetare\" href=\"https:\/\/ismma.ro\/wp-content\/uploads\/2025\/07\/NORME-METODOLOGICE-EXAMEN-PROMOVARE.pdf\" class=\"w-text-h\"><i class=\"fas fa-file-pdf\"><\/i><span class=\"w-text-value\">Normele metodologice privind organizarea examenului de promovare pentru ob\u021binerea gradelor profesionale de cercetare-dezvoltare din institutele de cercetare\/centrele de cercetare\/filialele Academiei Rom\u00e2ne<\/span><\/a><\/div><div class=\"w-text icon_atleft\"><a target=\"_blank\" rel=\"nofollow\" title=\"Regulament privind evaluarea periodic\u0103 a performan\u021bei \u0219tiin\u021bifice a cercet\u0103torilor\" href=\"https:\/\/ismma.ro\/wp-content\/uploads\/2025\/03\/Regulament-evaluare-anuala.pdf\" class=\"w-text-h\"><i class=\"fas fa-file-pdf\"><\/i><span class=\"w-text-value\">Regulamentul de evaluare anual\u0103<\/span><\/a><\/div><div class=\"w-text icon_atleft\"><a target=\"_blank\" rel=\"nofollow\" title=\"Regulament privind evaluarea periodic\u0103 a performan\u021bei \u0219tiin\u021bifice a cercet\u0103torilor\" href=\"https:\/\/ismma.ro\/wp-content\/uploads\/2025\/01\/Regulament_evaluarea_periodica.pdf\" class=\"w-text-h\"><i class=\"fas fa-file-pdf\"><\/i><span class=\"w-text-value\">Regulament privind evaluarea periodic\u0103 a performan\u021bei \u0219tiin\u021bifice a cercet\u0103torilor<\/span><\/a><\/div><div class=\"w-text icon_atleft\"><a target=\"_blank\" rel=\"nofollow\" title=\"Regulament privind prelucrarea datelor cu caracter personal\" href=\"https:\/\/ismma.ro\/wp-content\/uploads\/2025\/05\/Regulament-echivalare-CDI-aprobat-de-Prezidiu-in-21.05.2025.pdf\" class=\"w-text-h\"><i class=\"fas fa-file-pdf\"><\/i><span class=\"w-text-value\">Regulament privind echivalen\u021ba func\u021biilor didactice universitare cu func\u021biile \u0219i gradele profesionale din cercetare, dezvoltare, inovare<\/span><\/a><\/div><div class=\"w-text icon_atleft\"><a target=\"_blank\" rel=\"nofollow\" title=\"Regulament pentru ocuparea func\u021biilor de conducere \u00een unit\u0103\u021bile de cercetare ale Academiei Rom\u00e2ne\" href=\"https:\/\/ismma.ro\/wp-content\/uploads\/2025\/01\/Regulament_functii_conducere.pdf\" class=\"w-text-h\"><i class=\"fas fa-file-pdf\"><\/i><span class=\"w-text-value\">Regulament pentru ocuparea func\u021biilor de conducere \u00een unit\u0103\u021bile de cercetare ale Academiei Rom\u00e2ne<\/span><\/a><\/div><div class=\"w-text icon_atleft\"><a target=\"_blank\" rel=\"nofollow\" title=\"Regulament de func\u0163ionare a comisiei de etic\u0103\" href=\"https:\/\/ismma.ro\/wp-content\/uploads\/2024\/03\/Codul-de-etica-si-deontologie-profesionala.pdf\" class=\"w-text-h\"><i class=\"fas fa-file-pdf\"><\/i><span class=\"w-text-value\">Codul de etic\u0103 \u0219i deontologie profesional\u0103<\/span><\/a><\/div><div class=\"w-text icon_atleft\"><a title=\"Regulament de func\u0163ionare a comisiei de etic\u0103\" target=\" _blank\" rel=\"nofollow\" href=\"https:\/\/ismma.ro\/wp-content\/uploads\/2020\/06\/4.Regulament_comisia_etica_ismma.pdf\" class=\"w-text-h\"><i class=\"fas fa-file-pdf\"><\/i><span class=\"w-text-value\">Regulament de func\u0163ionare a comisiei de etic\u0103<\/span><\/a><\/div><div class=\"w-text icon_atleft\"><a target=\"_blank\" rel=\"nofollow\" title=\"Regulament de func\u0163ionare a comisiei de etic\u0103\" href=\"https:\/\/allea.org\/code-of-conduct\/\" class=\"w-text-h\"><i class=\"fas fa-link\"><\/i><span class=\"w-text-value\">The European Code of Conduct for Research Integrity<\/span><\/a><\/div><div class=\"w-text icon_atleft\"><a target=\"_blank\" rel=\"nofollow\" title=\"Regulament privind prelucrarea datelor cu caracter personal\" href=\"https:\/\/ismma.ro\/wp-content\/uploads\/2024\/03\/Planul_pentru_egalitate_de_gen_2024-2025.pdf\" class=\"w-text-h\"><i class=\"fas fa-file-pdf\"><\/i><span class=\"w-text-value\">Planul pentru egalitate de gen<\/span><\/a><\/div><div class=\"w-text icon_atleft\"><a title=\"Regulament privind prelucrarea datelor cu caracter personal\" target=\" _blank\" rel=\"nofollow\" href=\"https:\/\/ismma.ro\/wp-content\/uploads\/2020\/06\/5.Regulament_prelucrare_date_ismma.pdf\" class=\"w-text-h\"><i class=\"fas fa-file-pdf\"><\/i><span class=\"w-text-value\">Regulament privind prelucrarea datelor cu caracter personal<\/span><\/a><\/div><div class=\"w-text icon_atleft\"><a title=\"Ghid privind fumatul \u00een spa\u0163ii publice\" target=\" _blank\" rel=\"nofollow\" href=\"https:\/\/ismma.ro\/wp-content\/uploads\/2020\/06\/6.Ghid-lege-fumat.pdf\" class=\"w-text-h\"><i class=\"fas fa-file-pdf\"><\/i><span class=\"w-text-value\">Ghid privind fumatul \u00een spa\u0163ii publice<\/span><\/a><\/div><div class=\"wpb_text_column us_custom_0f8f44b7\"><div class=\"wpb_wrapper\"><h3><span class=\"\"><strong>Procedures<\/strong><\/span><\/h3>\n<\/div><\/div><div class=\"w-text icon_atleft\"><a title=\"Procedur\u0103 Opera\u021bional\u0103 privind activitatea de cercetare din Planul anual de cercetare \u0219tiin\u021bific\u0103\" target=\" _blank\" rel=\"nofollow\" href=\"https:\/\/ismma.ro\/wp-content\/uploads\/2020\/06\/PO_activitate-cercetare_ISMMA_Ed-2.pdf\" class=\"w-text-h\"><i class=\"fas fa-file-pdf\"><\/i><span class=\"w-text-value\">Procedur\u0103 Opera\u021bional\u0103 privind activitatea de cercetare din Planul anual de cercetare \u0219tiin\u021bific\u0103<\/span><\/a><\/div><div class=\"w-text icon_atleft\"><a title=\"Procedur\u0103 Opera\u021bional\u0103 privind desf\u0103\u0219urarea activit\u0103\u021bii Consiliului \u0218tiin\u021bific al ISMMA\" target=\" _blank\" rel=\"nofollow\" href=\"https:\/\/ismma.ro\/wp-content\/uploads\/2020\/06\/PO_Consiliu-St_ismma_Ed-2.pdf\" class=\"w-text-h\"><i class=\"fas fa-file-pdf\"><\/i><span class=\"w-text-value\">Procedur\u0103 Opera\u021bional\u0103 privind desf\u0103\u0219urarea activit\u0103\u021bii Consiliului \u0218tiin\u021bific al ISMMA<\/span><\/a><\/div><div class=\"wpb_text_column us_custom_0f8f44b7\"><div class=\"wpb_wrapper\"><h3><span class=\"\"><strong>Quality Management<\/strong><\/span><\/h3>\n<\/div><\/div><div class=\"w-text icon_atleft\"><a target=\"_blank\" rel=\"nofollow\" title=\"Procedur\u0103 Opera\u021bional\u0103 privind desf\u0103\u0219urarea activit\u0103\u021bii Consiliului \u0218tiin\u021bific al ISMMA\" href=\"https:\/\/ismma.ro\/wp-content\/uploads\/2024\/05\/Politica-ISMMA-in-domeniul-calitatii-aprobata-CS-5-04-2024.doc.pdf\" class=\"w-text-h\"><i class=\"fas fa-file-pdf\"><\/i><span class=\"w-text-value\">ISMMA Quality Management Policy<\/span><\/a><\/div><div class=\"w-text icon_atleft\"><a target=\"_blank\" rel=\"nofollow\" title=\"Procedur\u0103 Opera\u021bional\u0103 privind desf\u0103\u0219urarea activit\u0103\u021bii Consiliului \u0218tiin\u021bific al ISMMA\" href=\"https:\/\/ismma.ro\/wp-content\/uploads\/2024\/05\/49507-INSTITUTUL-DE-STATISTICA-MATEMATICA-SI-MATEMATICA-APLICATA-AL-ACADEMIEI-ROMANE-GHEORGHE-MIHOC-CAIUS-IACOB-C2024.pdf\" class=\"w-text-h\"><i class=\"fas fa-file-pdf\"><\/i><span class=\"w-text-value\">SR EN ISO 9001:2015\/ ISO 9001:2015 Certification<\/span><\/a><\/div><div class=\"w-image us_custom_4e0cc4c3 align_center\"><a target=\"_blank\" href=\"https:\/\/ismma.ro\/wp-content\/uploads\/2024\/05\/49507-INSTITUTUL-DE-STATISTICA-MATEMATICA-SI-MATEMATICA-APLICATA-AL-ACADEMIEI-ROMANE-GHEORGHE-MIHOC-CAIUS-IACOB-C2024.pdf\" aria-label=\"49507 INSTITUTUL DE STATISTICA MATEMATICA SI MATEMATICA APLICATA AL ACADEMIEI ROMANE &#039;&#039;GHEORGHE MIHOC - CAIUS IACOB&#039;\u2019 C2024\" class=\"w-image-h\"><img decoding=\"async\" width=\"290\" height=\"410\" src=\"https:\/\/ismma.ro\/wp-content\/uploads\/2024\/05\/certificat_ISMMA.jpg\" class=\"attachment-large size-large\" alt=\"49507 INSTITUTUL DE STATISTICA MATEMATICA SI MATEMATICA APLICATA AL ACADEMIEI ROMANE &#039;&#039;GHEORGHE MIHOC - CAIUS IACOB&#039;\u2019 C2024\" loading=\"lazy\" srcset=\"https:\/\/ismma.ro\/wp-content\/uploads\/2024\/05\/certificat_ISMMA.jpg 290w, https:\/\/ismma.ro\/wp-content\/uploads\/2024\/05\/certificat_ISMMA-212x300.jpg 212w\" sizes=\"auto, (max-width: 290px) 100vw, 290px\" \/><\/a><\/div><\/div><\/div><\/div><\/div><\/div><\/section>\n","protected":false},"excerpt":{"rendered":"Regulations Regulament de organizare \u015fi func\u0163ionareOrganigram\u0103Regulament internRegulament pentru ob\u0163inerea gradelor profesionale \u00een activitatea de cercetare \u015ftiin\u0163ific\u0103Normele metodologice privind organizarea concursurilor pentru ocuparea posturilor vacante ale personalului de cercetare, dezvoltare \u015fi inovare din institutele de cercetare\/centrele de cercetare\/filialele Academiei Rom\u00e2neNormele metodologice privind organizarea examenului de promovare pentru ob\u021binerea gradelor profesionale de cercetare-dezvoltare din institutele de cercetare\/centrele...","protected":false},"author":1,"featured_media":0,"parent":0,"menu_order":0,"comment_status":"closed","ping_status":"closed","template":"","meta":{"footnotes":""},"class_list":["post-196","page","type-page","status-publish","hentry"],"_links":{"self":[{"href":"https:\/\/ismma.ro\/index.php?rest_route=\/wp\/v2\/pages\/196","targetHints":{"allow":["GET"]}}],"collection":[{"href":"https:\/\/ismma.ro\/index.php?rest_route=\/wp\/v2\/pages"}],"about":[{"href":"https:\/\/ismma.ro\/index.php?rest_route=\/wp\/v2\/types\/page"}],"author":[{"embeddable":true,"href":"https:\/\/ismma.ro\/index.php?rest_route=\/wp\/v2\/users\/1"}],"replies":[{"embeddable":true,"href":"https:\/\/ismma.ro\/index.php?rest_route=%2Fwp%2Fv2%2Fcomments&post=196"}],"version-history":[{"count":34,"href":"https:\/\/ismma.ro\/index.php?rest_route=\/wp\/v2\/pages\/196\/revisions"}],"predecessor-version":[{"id":2141,"href":"https:\/\/ismma.ro\/index.php?rest_route=\/wp\/v2\/pages\/196\/revisions\/2141"}],"wp:attachment":[{"href":"https:\/\/ismma.ro\/index.php?rest_route=%2Fwp%2Fv2%2Fmedia&parent=196"}],"curies":[{"name":"wp","href":"https:\/\/api.w.org\/{rel}","templated":true}]}}