{"id":184,"date":"2020-06-12T11:49:39","date_gmt":"2020-06-12T09:49:39","guid":{"rendered":"https:\/\/ismma.ro\/?page_id=184"},"modified":"2020-06-12T11:49:39","modified_gmt":"2020-06-12T09:49:39","slug":"legaturi-utile","status":"publish","type":"page","link":"https:\/\/ismma.ro\/?page_id=184","title":{"rendered":"Leg\u0103turi utile"},"content":{"rendered":"<section class=\"l-section wpb_row height_medium\"><div class=\"l-section-h i-cf\"><div class=\"g-cols vc_row via_flex valign_top type_default stacking_default\"><div class=\"vc_col-sm-12 wpb_column vc_column_container\"><div class=\"vc_column-inner\"><div class=\"wpb_wrapper\"><div class=\"wpb_text_column\"><div class=\"wpb_wrapper\"><h3><span class=\"\"><strong>Leg\u0103turi utile<\/strong><\/span><\/h3>\n<\/div><\/div><div class=\"w-text icon_atleft\"><a title=\"Academia Rom\u00e2n\u0103\" target=\" _blank\" rel=\"nofollow\" href=\"https:\/\/acad.ro\/\" class=\"w-text-h\"><i class=\"fas fa-external-link\"><\/i><span class=\"w-text-value\">Academia Rom\u00e2n\u0103<\/span><\/a><\/div><div class=\"w-text icon_atleft\"><a title=\"Ministerul Educa\u0163iei \u015fi Cercet\u0103rii\" target=\" _blank\" rel=\"nofollow\" href=\"https:\/\/www.edu.ro\/\" class=\"w-text-h\"><i class=\"fas fa-external-link\"><\/i><span class=\"w-text-value\">Ministerul Educa\u0163iei \u015fi Cercet\u0103rii<\/span><\/a><\/div><div class=\"w-text icon_atleft\"><a title=\"Unitatea Executiv\u0103 pentru Finan\u0163area \u00cenv\u0103\u0163\u0103m\u00e2ntului Superior, a Cercet\u0103rii, Dezvolt\u0103rii \u015fi Inov\u0103rii\" target=\" _blank\" rel=\"nofollow\" href=\"https:\/\/uefiscdi.gov.ro\/\" class=\"w-text-h\"><i class=\"fas fa-external-link\"><\/i><span class=\"w-text-value\">Unitatea Executiv\u0103 pentru Finan\u0163area \u00cenv\u0103\u0163\u0103m\u00e2ntului Superior, a Cercet\u0103rii, Dezvolt\u0103rii \u015fi Inov\u0103rii<\/span><\/a><\/div><div class=\"w-text icon_atleft\"><a title=\"Proceedings of the Romanian Academy\" target=\" _blank\" rel=\"nofollow\" href=\"https:\/\/acad.ro\/proceedings.htm\" class=\"w-text-h\"><i class=\"fas fa-external-link\"><\/i><span class=\"w-text-value\">Proceedings of the Romanian Academy<\/span><\/a><\/div><\/div><\/div><\/div><\/div><\/div><\/section>\n","protected":false},"excerpt":{"rendered":"Leg\u0103turi utile Academia Rom\u00e2n\u0103Ministerul Educa\u0163iei \u015fi Cercet\u0103riiUnitatea Executiv\u0103 pentru Finan\u0163area \u00cenv\u0103\u0163\u0103m\u00e2ntului Superior, a Cercet\u0103rii, Dezvolt\u0103rii \u015fi Inov\u0103riiProceedings of the Romanian Academy","protected":false},"author":1,"featured_media":0,"parent":0,"menu_order":0,"comment_status":"closed","ping_status":"closed","template":"","meta":{"footnotes":""},"class_list":["post-184","page","type-page","status-publish","hentry"],"_links":{"self":[{"href":"https:\/\/ismma.ro\/index.php?rest_route=\/wp\/v2\/pages\/184","targetHints":{"allow":["GET"]}}],"collection":[{"href":"https:\/\/ismma.ro\/index.php?rest_route=\/wp\/v2\/pages"}],"about":[{"href":"https:\/\/ismma.ro\/index.php?rest_route=\/wp\/v2\/types\/page"}],"author":[{"embeddable":true,"href":"https:\/\/ismma.ro\/index.php?rest_route=\/wp\/v2\/users\/1"}],"replies":[{"embeddable":true,"href":"https:\/\/ismma.ro\/index.php?rest_route=%2Fwp%2Fv2%2Fcomments&post=184"}],"version-history":[{"count":1,"href":"https:\/\/ismma.ro\/index.php?rest_route=\/wp\/v2\/pages\/184\/revisions"}],"predecessor-version":[{"id":185,"href":"https:\/\/ismma.ro\/index.php?rest_route=\/wp\/v2\/pages\/184\/revisions\/185"}],"wp:attachment":[{"href":"https:\/\/ismma.ro\/index.php?rest_route=%2Fwp%2Fv2%2Fmedia&parent=184"}],"curies":[{"name":"wp","href":"https:\/\/api.w.org\/{rel}","templated":true}]}}