{"id":157,"date":"2020-05-28T18:11:11","date_gmt":"2020-05-28T16:11:11","guid":{"rendered":"https:\/\/ismma.ro\/?page_id=157"},"modified":"2022-03-19T10:15:23","modified_gmt":"2022-03-19T07:15:23","slug":"abilitari-2","status":"publish","type":"page","link":"https:\/\/ismma.ro\/?page_id=157","title":{"rendered":"Abilit\u0103ri"},"content":{"rendered":"<section class=\"l-section wpb_row height_medium\"><div class=\"l-section-h i-cf\"><div class=\"g-cols vc_row via_flex valign_top type_default stacking_default\"><div class=\"vc_col-sm-12 wpb_column vc_column_container\"><div class=\"vc_column-inner\"><div class=\"wpb_wrapper\"><div class=\"w-tabs style_default switch_click accordion has_scrolling\" style=\"--sections-title-size:inherit\"><div class=\"w-tabs-sections titles-align_none icon_chevron cpos_right\"><div class=\"w-tabs-section\" id=\"a404\"><button class=\"w-tabs-section-header\" aria-controls=\"content-a404\" aria-expanded=\"false\"><div class=\"w-tabs-section-title\">Anunturi teze de abilitare<\/div><div class=\"w-tabs-section-control\"><\/div><\/button><div  class=\"w-tabs-section-content\" id=\"content-a404\"><div class=\"w-tabs-section-content-h i-cf\"><div class=\"wpb_text_column\"><div class=\"wpb_wrapper\"><ul>\n<li><strong>Denisa Stancu-Dumitru<\/strong>, <em>The Analysis of Some Classes of Nonlinear PDEs<\/em>, 11 februarie 2022, ora 11:00 (<a href=\"https:\/\/ismma.ro\/wp-content\/uploads\/2022\/01\/Stancu-Dumitru-AnuntSustinereTeza.pdf.pdf\" target=\"_blank\" rel=\"noopener noreferrer\">detalii<\/a>)<\/li>\n<li><strong>Ion Necoar\u0103<\/strong>, <em>Optimizare Stochastica<\/em>, 12 iulie 2021, ora 10:00 (<a href=\"https:\/\/ismma.ro\/wp-content\/uploads\/2021\/07\/IonNecoara-AnuntSustinereTeza.pdf\" target=\"_blank\" rel=\"noopener noreferrer\">detalii<\/a>)<\/li>\n<li><strong>Valeriu-Paul Georgescu<\/strong>, <em>Ecological and epidemiological interactions: characterizing dynamics and influencing outcomes<\/em>, 20 aprilie 2021, ora 11:00 (<a href=\"https:\/\/ismma.ro\/wp-content\/uploads\/2021\/03\/Georgescu-AnuntSustinereTeza.pdf\" target=\"_blank\" rel=\"noopener noreferrer\">detalii<\/a>)<\/li>\n<li><strong>Oana-Valeria Stamate<\/strong>, <em>Stochastic numerical approach for branching-fragmentation processes<\/em>, 29 mai 2020, ora 10:00 (<a href=\"https:\/\/ismma.ro\/wp-content\/uploads\/2020\/05\/Stamate-AnuntSustinereTeza.pdf\" target=\"_blank\" rel=\"noopener noreferrer\">detalii<\/a>)<\/li>\n<\/ul>\n<\/div><\/div><\/div><\/div><\/div><div class=\"w-tabs-section\" id=\"g663\"><button class=\"w-tabs-section-header\" aria-controls=\"content-g663\" aria-expanded=\"false\"><div class=\"w-tabs-section-title\">Teze de abilitare sustinute<\/div><div class=\"w-tabs-section-control\"><\/div><\/button><div  class=\"w-tabs-section-content\" id=\"content-g663\"><div class=\"w-tabs-section-content-h i-cf\"><div class=\"wpb_text_column\"><div class=\"wpb_wrapper\"><ol>\n<li><strong>Denisa Stancu-Dumitru<\/strong>, <em>The Analysis of Some Classes of Nonlinear PDEs<\/em>, 11 februarie 2022, ora 11:00 (<a href=\"https:\/\/ismma.ro\/wp-content\/uploads\/2022\/03\/DenisaStancu-Habilitation_Thesis-EN.pdf\" target=\"_blank\" rel=\"noopener\">Rezumat tez\u0103 abilitare &#8211; Englez\u0103<\/a>)<\/li>\n<li><strong>Ion Necoar\u0103<\/strong>, <em>Optimizare Stochastica<\/em>, 12 iulie 2021, ora 10:00 (<a href=\"https:\/\/ismma.ro\/wp-content\/uploads\/2021\/07\/IonNecoara.Rezumat-teza-abilitare-RO.pdf\" target=\"_blank\" rel=\"noopener\">Rezumat tez\u0103 abilitare &#8211; Rom\u00e2n\u0103<\/a>, <a href=\"https:\/\/ismma.ro\/wp-content\/uploads\/2021\/07\/IonNecoara.Rezumat-teza-abilitare-EN.pdf\" target=\"_blank\" rel=\"noopener\">Rezumat tez\u0103 abilitare &#8211; Englez\u0103<\/a>)<\/li>\n<li><strong>Valeriu-Paul Georgescu<\/strong>, <em>Ecological and epidemiological interactions: characterizing dynamics and influencing outcomes<\/em>, 20 aprilie 2021 (<a href=\"https:\/\/ismma.ro\/wp-content\/uploads\/2021\/06\/V.P.Georgescu.Rezumat-teza-abilitare-RO.pdf\" target=\"_blank\" rel=\"noopener\">Rezumat tez\u0103 abilitare &#8211; Rom\u00e2n\u0103<\/a>, <a href=\"https:\/\/ismma.ro\/wp-content\/uploads\/2021\/06\/V.P.Georgescu.Rezumat-teza-abilitare-EN.pdf\" target=\"_blank\" rel=\"noopener\">Rezumat tez\u0103 abilitare &#8211; Englez\u0103<\/a>)<\/li>\n<li><strong>Oana-Valeria Stamate<\/strong>, <em>Stochastic numerical approach for branching-fragmentation processes<\/em>, 29 mai 2020 (<a href=\"https:\/\/ismma.ro\/wp-content\/uploads\/2021\/06\/Stamate-TezaAbilitareRezumat-rom.pdf\" target=\"_blank\" rel=\"noopener\">Rezumat tez\u0103 abilitare<\/a>)<\/li>\n<\/ol>\n<\/div><\/div><\/div><\/div><\/div><\/div><\/div><\/div><\/div><\/div><\/div><\/div><\/section>\n","protected":false},"excerpt":{"rendered":"Anunturi teze de abilitare Denisa Stancu-Dumitru, The Analysis of Some Classes of Nonlinear PDEs, 11 februarie 2022, ora 11:00 (detalii) Ion Necoar\u0103, Optimizare Stochastica, 12 iulie 2021, ora 10:00 (detalii) Valeriu-Paul Georgescu, Ecological and epidemiological interactions: characterizing dynamics and influencing outcomes, 20 aprilie 2021, ora 11:00 (detalii) Oana-Valeria Stamate, Stochastic numerical approach for branching-fragmentation processes,...","protected":false},"author":1,"featured_media":0,"parent":0,"menu_order":0,"comment_status":"closed","ping_status":"closed","template":"","meta":{"footnotes":""},"class_list":["post-157","page","type-page","status-publish","hentry"],"_links":{"self":[{"href":"https:\/\/ismma.ro\/index.php?rest_route=\/wp\/v2\/pages\/157","targetHints":{"allow":["GET"]}}],"collection":[{"href":"https:\/\/ismma.ro\/index.php?rest_route=\/wp\/v2\/pages"}],"about":[{"href":"https:\/\/ismma.ro\/index.php?rest_route=\/wp\/v2\/types\/page"}],"author":[{"embeddable":true,"href":"https:\/\/ismma.ro\/index.php?rest_route=\/wp\/v2\/users\/1"}],"replies":[{"embeddable":true,"href":"https:\/\/ismma.ro\/index.php?rest_route=%2Fwp%2Fv2%2Fcomments&post=157"}],"version-history":[{"count":7,"href":"https:\/\/ismma.ro\/index.php?rest_route=\/wp\/v2\/pages\/157\/revisions"}],"predecessor-version":[{"id":1249,"href":"https:\/\/ismma.ro\/index.php?rest_route=\/wp\/v2\/pages\/157\/revisions\/1249"}],"wp:attachment":[{"href":"https:\/\/ismma.ro\/index.php?rest_route=%2Fwp%2Fv2%2Fmedia&parent=157"}],"curies":[{"name":"wp","href":"https:\/\/api.w.org\/{rel}","templated":true}]}}