{"id":1281,"date":"2022-05-16T14:43:06","date_gmt":"2022-05-16T11:43:06","guid":{"rendered":"https:\/\/ismma.ro\/?page_id=1281"},"modified":"2022-05-16T14:43:06","modified_gmt":"2022-05-16T11:43:06","slug":"declaratii-de-avere-si-interese-2022","status":"publish","type":"page","link":"https:\/\/ismma.ro\/?page_id=1281","title":{"rendered":"DECLARA\u0162II DE AVERE \u015eI INTERESE 2022"},"content":{"rendered":"<section class=\"l-section wpb_row height_medium\"><div class=\"l-section-h i-cf\"><div class=\"g-cols vc_row via_flex valign_top type_default stacking_default\"><div class=\"vc_col-sm-12 wpb_column vc_column_container\"><div class=\"vc_column-inner\"><div class=\"wpb_wrapper\"><div class=\"wpb_text_column\"><div class=\"wpb_wrapper\"><h4 style=\"text-align: center;\">DECLARA\u0162II DE AVERE \u015eI INTERESE 2022<\/h4>\n<p style=\"text-align: center;\">\n<table id=\"tablepress-5\" class=\"tablepress tablepress-id-5\">\n<thead>\n<tr class=\"row-1\">\n\t<th class=\"column-1\">Nume \u015fi prenume<\/th><th class=\"column-2\">Func\u0163ia<\/th><th class=\"column-3\">Declara\u0163ie de<br \/>\navere<\/th><th class=\"column-4\">Declara\u0163ie de<br \/>\ninterese<\/th>\n<\/tr>\n<\/thead>\n<tbody>\n<tr class=\"row-2\">\n\t<td class=\"column-1\">Gabriela MARINOSCHI<\/td><td class=\"column-2\">Director<\/td><td class=\"column-3\"><div class=\"w-text no_text icon_atleft\"><a title=\"Marinoschi_DA_2022\" target=\" _blank\" rel=\"nofollow\" href=\"https:\/\/ismma.ro\/wp-content\/uploads\/2022\/05\/Marinoschi_DA_2022.pdf\" class=\"w-text-h\"><i class=\"fas fa-file-pdf\"><\/i><span class=\"w-text-value\"><\/span><\/a><\/div><\/td><td class=\"column-4\"><div class=\"w-text no_text icon_atleft\"><a title=\"Marinoschi_DI-2022\" target=\" _blank\" rel=\"nofollow\" href=\"https:\/\/ismma.ro\/wp-content\/uploads\/2022\/05\/Marinoschi_DI-2022.pdf\" class=\"w-text-h\"><i class=\"fas fa-file-pdf\"><\/i><span class=\"w-text-value\"><\/span><\/a><\/div><\/td>\n<\/tr>\n<tr class=\"row-3\">\n\t<td class=\"column-1\">Stelian ION<\/td><td class=\"column-2\">Director adjunct<\/td><td class=\"column-3\"><div class=\"w-text no_text icon_atleft\"><a title=\"Ion_DA_2022\" target=\" _blank\" rel=\"nofollow\" href=\"https:\/\/ismma.ro\/wp-content\/uploads\/2022\/06\/Ion_DA_2022.pdf\" class=\"w-text-h\"><i class=\"fas fa-file-pdf\"><\/i><span class=\"w-text-value\"><\/span><\/a><\/div><\/td><td class=\"column-4\"><div class=\"w-text no_text icon_atleft\"><a title=\"Ion_DI-2022\" target=\" _blank\" rel=\"nofollow\" href=\"https:\/\/ismma.ro\/wp-content\/uploads\/2022\/06\/Ion_DI-2022.pdf\" class=\"w-text-h\"><i class=\"fas fa-file-pdf\"><\/i><span class=\"w-text-value\"><\/span><\/a><\/div><\/td>\n<\/tr>\n<tr class=\"row-4\">\n\t<td class=\"column-1\">Florica GRIGORE<\/td><td class=\"column-2\">Contabil \u0219ef<\/td><td class=\"column-3\"><div class=\"w-text no_text icon_atleft\"><a title=\"Grigore_DA_2022\" target=\" _blank\" rel=\"nofollow\" href=\"https:\/\/ismma.ro\/wp-content\/uploads\/2022\/06\/Grigore_DA_2022.pdf\" class=\"w-text-h\"><i class=\"fas fa-file-pdf\"><\/i><span class=\"w-text-value\"><\/span><\/a><\/div><\/td><td class=\"column-4\"><div class=\"w-text no_text icon_atleft\"><a title=\"Grigore_DI-2022\" target=\" _blank\" rel=\"nofollow\" href=\"https:\/\/ismma.ro\/wp-content\/uploads\/2022\/06\/Grigore_DI-2022.pdf\" class=\"w-text-h\"><i class=\"fas fa-file-pdf\"><\/i><span class=\"w-text-value\"><\/span><\/a><\/div><\/td>\n<\/tr>\n<tr class=\"row-5\">\n\t<td class=\"column-1\">Maria F\u0102RC\u0102\u0218EANU<\/td><td class=\"column-2\">\u0218ef proiect<\/td><td class=\"column-3\"><div class=\"w-text no_text icon_atleft\"><a title=\"Farcaseanu_DA_2022\" target=\" _blank\" rel=\"nofollow\" href=\"https:\/\/ismma.ro\/wp-content\/uploads\/2022\/06\/Farcaseanu_DA_2022.pdf\" class=\"w-text-h\"><i class=\"fas fa-file-pdf\"><\/i><span class=\"w-text-value\"><\/span><\/a><\/div><\/td><td class=\"column-4\"><div class=\"w-text no_text icon_atleft\"><a title=\"Farcaseanu_DI-2022\" target=\" _blank\" rel=\"nofollow\" href=\"https:\/\/ismma.ro\/wp-content\/uploads\/2022\/06\/Farcaseanu_DI-2022.pdf\" class=\"w-text-h\"><i class=\"fas fa-file-pdf\"><\/i><span class=\"w-text-value\"><\/span><\/a><\/div><\/td>\n<\/tr>\n<\/tbody>\n<\/table>\n<!-- #tablepress-5 from cache --><\/p>\n<\/div><\/div><\/div><\/div><\/div><\/div><\/div><\/section>\n","protected":false},"excerpt":{"rendered":"DECLARA\u0162II DE AVERE \u015eI INTERESE 2022 Nume \u015fi prenumeFunc\u0163iaDeclara\u0163ie de avereDeclara\u0163ie de interese Gabriela MARINOSCHIDirector Stelian IONDirector adjunct Florica GRIGOREContabil \u0219ef Maria F\u0102RC\u0102\u0218EANU\u0218ef proiect","protected":false},"author":1,"featured_media":0,"parent":0,"menu_order":0,"comment_status":"closed","ping_status":"closed","template":"","meta":{"footnotes":""},"class_list":["post-1281","page","type-page","status-publish","hentry"],"_links":{"self":[{"href":"https:\/\/ismma.ro\/index.php?rest_route=\/wp\/v2\/pages\/1281","targetHints":{"allow":["GET"]}}],"collection":[{"href":"https:\/\/ismma.ro\/index.php?rest_route=\/wp\/v2\/pages"}],"about":[{"href":"https:\/\/ismma.ro\/index.php?rest_route=\/wp\/v2\/types\/page"}],"author":[{"embeddable":true,"href":"https:\/\/ismma.ro\/index.php?rest_route=\/wp\/v2\/users\/1"}],"replies":[{"embeddable":true,"href":"https:\/\/ismma.ro\/index.php?rest_route=%2Fwp%2Fv2%2Fcomments&post=1281"}],"version-history":[{"count":1,"href":"https:\/\/ismma.ro\/index.php?rest_route=\/wp\/v2\/pages\/1281\/revisions"}],"predecessor-version":[{"id":1282,"href":"https:\/\/ismma.ro\/index.php?rest_route=\/wp\/v2\/pages\/1281\/revisions\/1282"}],"wp:attachment":[{"href":"https:\/\/ismma.ro\/index.php?rest_route=%2Fwp%2Fv2%2Fmedia&parent=1281"}],"curies":[{"name":"wp","href":"https:\/\/api.w.org\/{rel}","templated":true}]}}